{"id":470,"date":"2023-11-01T10:06:47","date_gmt":"2023-11-01T15:06:47","guid":{"rendered":"https:\/\/geusisp.com\/?page_id=470"},"modified":"2023-11-01T10:46:42","modified_gmt":"2023-11-01T15:46:42","slug":"politica-de-privacidad","status":"publish","type":"page","link":"https:\/\/geusisp.com\/?page_id=470","title":{"rendered":"Pol\u00edtica de privacidad"},"content":{"rendered":"\n<p><strong>Grupo&nbsp;<\/strong><strong>Neyron<\/strong><strong>&nbsp;S.A.S \u2013 Geus ISP \u2013 Bogot\u00e1, Colombia<\/strong>&nbsp;<\/p>\n\n\n\n<p><strong>La marca Geus ISP y todos sus distintivos, iconos e im\u00e1genes son propiedad de Grupo&nbsp;Neyron&nbsp;S.A.S<\/strong>&nbsp;<\/p>\n\n\n\n<h2 class=\"wp-block-heading\">POL\u00cdTICA DE PRIVACIDAD Y TRATAMIENTO DE DATOS PERSONALES<\/h2>\n\n\n\n<p>GRUPO NEYRON S.A.S<\/p>\n\n\n\n<p>Entrada de vigencia: Enero 01 de 2018<\/p>\n\n\n\n<p>GRUPO NEYRON S.A.S Geus ISP tienen la calidad de responsables de los datos personales e informaci\u00f3n que le suministran sus clientes actuales, pasados y potenciales, aliados comerciales, proveedores, visitantes, colaboradores, empleados y contratistas (en adelante, los Titulares).<\/p>\n\n\n\n<p>En el presente documento se establecen las finalidades, medidas y procedimientos de las bases de datos de GRUPO NEYRON S.A.S Geus ISP, as\u00ed como los mecanismos con que los Titulares cuentan para conocer, actualizar, rectificar, suprimir los datos suministrados o revocar la autorizaci\u00f3n que se otorga con la aceptaci\u00f3n de la presente pol\u00edtica. La contrataci\u00f3n de servicios o productos ofrecidos por nosotros (en adelante, los Productos y Servicios), la celebraci\u00f3n de contratos con GRUPO NEYRON S.A.S Geus ISP, el diligenciamiento de formatos, el ingreso a las instalaciones de GRUPO NEYRON S.A.S Geus ISP y\/o la aceptaci\u00f3n expresa o inequ\u00edvoca de las presentes pol\u00edticas, implica la aceptaci\u00f3n de los Titulares de la presente Pol\u00edtica de Tratamiento y su autorizaci\u00f3n para los usos y otros tratamientos que aqu\u00ed se describen.<br><\/p>\n\n\n\n<p><strong>1. RESPONSABLE Y ENCARGADO DEL TRATAMIENTO DE DATOS:<\/strong> El responsable del tratamiento de datos personales y otra informaci\u00f3n de los Titulares es GRUPO NEYRON S.A.S Geus ISP, con n\u00famero de identificaci\u00f3n tributaria 900929849-9, domicilio y direcci\u00f3n en Calle 64 # 19 \u2013 24 de Bogot\u00e1 D.C, Colombia; tel\u00e9fono: P.B.X (057-1) 747 03 20 y correo electr\u00f3nico: <a href=\"mailto:bienvenidos@gruponeyron.com\">bienvenidos@gruponeyron.com<\/a>.<\/p>\n\n\n\n<p><strong>2. FINALIDAD DE LAS BASES DE DATOS:<\/strong> Las bases de datos de GRUPO NEYRON S.A.S Geus ISP tienen las siguientes finalidades:<\/p>\n\n\n\n<p>2.1. En relaci\u00f3n con todas las bases de datos:<\/p>\n\n\n\n<ul class=\"wp-block-list\" type=\"a\">\n<li>La comunicaci\u00f3n con los Titulares para efectos contractuales, informativos o comerciales.<\/li>\n\n\n\n<li>Medir niveles de satisfacci\u00f3n.<\/li>\n\n\n\n<li>Realizar actualizaci\u00f3n de datos.<\/li>\n\n\n\n<li>El cumplimiento de deberes legales, contables, comerciales y regulatorios a cargo de los Titulares y\/o GRUPO NEYRON S.A.S Geus ISP<\/li>\n\n\n\n<li>La socializaci\u00f3n de pol\u00edticas, proyectos, programas, ofertas y cambios organizacionales.<\/li>\n\n\n\n<li>La realizaci\u00f3n de an\u00e1lisis estad\u00edsticos, comerciales, estrat\u00e9gicos, financieros, sociales, t\u00e9cnicos, calificaci\u00f3n de riesgo.<\/li>\n\n\n\n<li>La implementaci\u00f3n de campa\u00f1as, pol\u00edticas y directrices comerciales, financieras y de mercadeo.<\/li>\n\n\n\n<li>El cumplimiento del objeto social de GRUPO NEYRON S.A.S Geus ISP<\/li>\n\n\n\n<li>El cumplimiento del objeto contractual o civil con los Titulares.<\/li>\n\n\n\n<li>El control y la preservaci\u00f3n de la seguridad de las personas, bienes e informaci\u00f3n de GRUPO NEYRON S.A.S Geus ISP<\/li>\n\n\n\n<li>El cumplimiento y ejecuci\u00f3n del objeto social de GRUPO NEYRON S.A.S Geus ISP<\/li>\n<\/ul>\n\n\n\n<p>2.2. En relaci\u00f3n con la base de datos de empleados, contratistas y postulantes.<\/p>\n\n\n\n<ul class=\"wp-block-list\" type=\"a\">\n<li>Mantener un control de los aspirantes a los cargos de la compa\u00f1\u00eda y el resultado del proceso de selecci\u00f3n.<\/li>\n\n\n\n<li>Cumplir el objeto de la relaci\u00f3n laboral o civil que se hubiere adquirido con los Titulares.<\/li>\n\n\n\n<li>Conservar y administrar la informaci\u00f3n de la relaci\u00f3n laboral o comercial con los Titulares.<\/li>\n\n\n\n<li>Mantener comunicaci\u00f3n directa con los Titulares para temas relacionados con su relaci\u00f3n laboral o comercial.<\/li>\n\n\n\n<li>Realizar estudios hist\u00f3ricos, administrativos o estad\u00edsticos del personal de GRUPO NEYRON S.A.S Geus ISP<\/li>\n\n\n\n<li>Mantener la seguridad de las instalaciones de GRUPO NEYRON S.A.S Geus ISP y de quienes all\u00ed laboran.<\/li>\n\n\n\n<li>Verificar conflictos de intereses en nuevos empleados o contratistas de GRUPO NEYRON S.A.S Geus ISP y sus filiales, as\u00ed como inhabilidades y e incompatibilidades de los mismos.<\/li>\n\n\n\n<li>Llevar un registro de las sanciones disciplinarias impuestas a contratistas y empleados de GRUPO NEYRON S.A.S Geus ISP.<\/li>\n\n\n\n<li>Proteger la salud de los empleados y contratistas de GRUPO NEYRON.<\/li>\n\n\n\n<li>Cumplir el objeto social de GRUPO NEYRON S.A.S Geus ISP<\/li>\n<\/ul>\n\n\n\n<p><strong>3. DATOS RECOPILADOS Y FORMA DE OBTENCI\u00d3N:<\/strong> GRUPO NEYRON S.A.S Geus ISP podr\u00e1 pedir expresamente a los Titulares o recolectar de su comportamiento los datos que sean necesarios para cumplir la finalidad de las Bases de Datos, los cuales son -entre otros- los siguientes: su nombre y apellidos, n\u00famero de identificaci\u00f3n, fecha de nacimiento, direcci\u00f3n de correspondencia, tel\u00e9fono de contacto, correo electr\u00f3nico, nombre del punto de venta en el cual fue atendido, antecedentes comerciales, judiciales, relaciones comerciales y familiares con otras compa\u00f1\u00edas o con entidades p\u00fablicas, necesidades e intereses, lugar de trabajo, huellas dactilares, fotograf\u00eda o im\u00e1genes del rostro y corporales, firma, necesidades e intereses, fechas y horas de acceso a las instalaciones de GRUPO NEYRON S.A.S Geus ISP<\/p>\n\n\n\n<p>Los datos podr\u00e1n ser suministrados expl\u00edcitamente a GRUPO NEYRON S.A.S Geus ISP mediante formatos de ingreso o vinculaci\u00f3n, recolectados personalmente a trav\u00e9s de sus empleados, prestadores de servicios o representantes comerciales, obtenidos mediante consulta a terceros que administren bases de datos, o recolectados impl\u00edcitamente de las operaciones de an\u00e1lisis de mercado, de grupos objetivo, adquisici\u00f3n de los productos o servicios que son ofrecidos por GRUPO NEYRON S.A.S Geus ISP, o de los comportamientos de los Titulares como reclamaciones, solicitudes de cotizaci\u00f3n, encuestas, propuestas, ofertas, visita de las instalaciones de GRUPO NEYRON S.A.S Geus ISP, de participaci\u00f3n en proyectos, programas y eventos, entre otros.<br>GRUPO NEYRON S.A.S Geus ISP solo recopilar\u00e1 y\/o tratar\u00e1 datos considerados como Datos Sensibles en los casos permitidos por la ley. Para estos casos, los Titulares que no est\u00e1n obligados a suministrar los referidos datos o a autorizar su tratamiento. Una vez suministrados dichos datos y otorgado el correspondiente consentimiento, los datos ser\u00e1n recopilados y tratados \u00fanicamente para las finalidades descritas en la presente Pol\u00edtica.<\/p>\n\n\n\n<p><strong>4. INFORMACI\u00d3N Y DATOS DE MENORES DE EDAD:<\/strong> Por regla general, GRUPO NEYRON S.A.S Geus ISP no usa, ni almacena, o realiza tratamiento alguno sobre datos personales de menores de edad, salvo que fuere estrictamente necesario. Sin embargo, en caso de que por alg\u00fan motivo se llegare a recopilar datos de menores de edad, GRUPO NEYRON S.A.S Geus ISP tendr\u00e1 en cuenta el respeto y prevalencia de los derechos de los menores, su inter\u00e9s superior y sus derechos fundamentales, de conformidad con lo establecido en las normas de protecci\u00f3n de datos personales.<\/p>\n\n\n\n<p><strong>5. AUTORIZACI\u00d3N PARA RECOLECCI\u00d3N Y TRATAMIENTO DE DATOS PERSONALES Y OTRA INFORMACI\u00d3N:<\/strong> Mediante el suministro voluntario de alguno de los datos personales en la forma se\u00f1alada en el numeral anterior, y\/o la autorizaci\u00f3n expresa verbal o por escrito emitida a trav\u00e9s de formatos o correos electr\u00f3nicos donde no hubiese otra posibilidad., El Titular autoriza expresa o inequ\u00edvocamente a GRUPO NEYRON S.A.S Geus ISP para recolectar sus datos personales y cualquier otra informaci\u00f3n que llegare a suministrar, as\u00ed como para realizar el tratamiento sobre sus datos personales, de conformidad con esta Pol\u00edtica de Tratamiento y Protecci\u00f3n de Datos Personales y las normas legales aplicables.<\/p>\n\n\n\n<p><strong>6. USO O TRATAMIENTO DE LOS DATOS PERSONALES ALMACENADOS EN LAS BASES DE DATOS DE GRUPO NEYRON S.A.S Geus ISP:<\/strong> solo usar\u00e1, procesar\u00e1 y circular\u00e1 los datos personales y otra informaci\u00f3n de los Titulares para las finalidades descritas y para los tratamientos autorizados en esta Pol\u00edtica de Tratamiento y Protecci\u00f3n de Datos o en las leyes vigentes. En adici\u00f3n a lo mencionado en otras cl\u00e1usulas o aquellos tratamientos naturales a las finalidades descritas, el Titular expresamente autoriza a GRUPO NEYRON S.A.S Geus ISP para la recolecci\u00f3n, uso y circulaci\u00f3n de sus datos personales y otra informaci\u00f3n para los siguientes prop\u00f3sitos y en las siguientes circunstancias:<\/p>\n\n\n\n<ul class=\"wp-block-list\" type=\"a\">\n<li>Establecer comunicaci\u00f3n entre GRUPO NEYRON S.A.S Geus ISP y los Titulares para cualquier prop\u00f3sito relacionado con las finalidades que se establecen en la presente pol\u00edtica, ya sea mediante llamadas, mensajes de texto, correos electr\u00f3nicos y\/o f\u00edsicos.<\/li>\n\n\n\n<li>Efectuar o implementar la adquisici\u00f3n u oferta de productos o servicios por parte de GRUPO NEYRON S.A.S Geus ISP.<\/li>\n\n\n\n<li>Auditar, estudiar y analizar la informaci\u00f3n de la Base de Datos para dise\u00f1ar estrategias comerciales y aumentar y\/o mejorar los Productos y Servicios que ofrece GRUPO NEYRON S.A.S Geus ISP.<\/li>\n\n\n\n<li>Combinar los datos personales con la informaci\u00f3n que se obtenga de otros aliados o compa\u00f1\u00edas o enviarla a los mismos para implementar estrategias comerciales conjuntas o para conveniencia de los Titulares.<\/li>\n\n\n\n<li>Auditar, estudiar y analizar la informaci\u00f3n de las Bases de Datos para dise\u00f1ar estrategias de abastecimientos y de seguridad.<\/li>\n\n\n\n<li>Auditar, estudiar, analizar y utilizar la informaci\u00f3n de la Base de Datos para dise\u00f1ar, implementar y desarrollar, programas, proyectos y eventos.<\/li>\n\n\n\n<li>Auditar, estudiar, analizar y utilizar la informaci\u00f3n de la Base de Datos para la socializaci\u00f3n de pol\u00edticas, proyectos, programas, resultados y cambios organizacionales.<\/li>\n\n\n\n<li>Ceder y compartir en los mismos t\u00e9rminos la presente autorizaci\u00f3n entre GRUPO NEYRON S.A.S Geus ISP, y cualquier otra sociedad matriz, filial o subordinada.<\/li>\n\n\n\n<li>Suministrar la informaci\u00f3n y datos personales de los Titulares a las sociedades subsidiarias, filiales o afiliadas a GRUPO NEYRON S.A.S Geus ISP, aliados comerciales o a otras sociedades o personas que GRUPO NEYRON S.A.S Geus ISP encargue para realizar el procesamiento de la informaci\u00f3n y cumplir con las finalidades descritas en la presente Pol\u00edtica.<\/li>\n\n\n\n<li>Suministrar la informaci\u00f3n y datos personales de los Titulares a aliados comerciales para que estos contacten a los Titulares para ofrecerles bienes y servicios de su inter\u00e9s, recibir ofertas de los titulares, invitar a la participaci\u00f3n en programas, proyectos eventos, socializar pol\u00edticas, proyectos, programas, resultados y cambios organizacionales.<\/li>\n\n\n\n<li>Realizar calificaci\u00f3n de riesgo financiero, jur\u00eddico, comercial, reputacional y de seguridad de manera directa o a trav\u00e9s de compa\u00f1\u00edas externas.<\/li>\n\n\n\n<li>Monitorear la informaci\u00f3n y conducta comercial y financiera.<\/li>\n\n\n\n<li>Cuando la informaci\u00f3n deba ser revelada para cumplir con leyes, regulaciones o procesos legales, para asegurar el cumplimiento de los t\u00e9rminos y condiciones, para detener o prevenir fraudes, ataques a la seguridad de GRUPO NEYRON S.A.S Geus ISP o de otros, prevenir problemas t\u00e9cnicos o proteger los derechos de otros como lo requieran los t\u00e9rminos y condiciones o la ley.<\/li>\n\n\n\n<li>Consultar, almacenar y usar la informaci\u00f3n financiera obtenida de terceros administradores de bases de datos, previa autorizaci\u00f3n expresa del Titular para dicha consulta.<\/li>\n\n\n\n<li>Las dem\u00e1s descritos en la presente pol\u00edtica o permitidos en la Ley.<\/li>\n<\/ul>\n\n\n\n<p><strong>7. CAMBIOS EN LA POL\u00cdTICA DE TRATAMIENTO:<\/strong> Cualquier cambio o modificaci\u00f3n sustancial de las Pol\u00edticas de Tratamiento y Protecci\u00f3n de Datos, ser\u00e1 comunicado oportunamente a los Titulares mediante la publicaci\u00f3n en nuestro portal web <a href=\"https:\/\/tonrepara.com.co\">https:\/\/tonrepara.com.co<\/a>.<\/p>\n\n\n\n<p><strong>8. ALMACENAMIENTO DE DATOS PERSONALES:<\/strong> El Titular autoriza de manera expresa a GRUPO NEYRON S.A.S Geus ISP para que almacene los datos personales de la forma que considere m\u00e1s segura y oportuna para la debida protecci\u00f3n de los datos de los Titulares.<\/p>\n\n\n\n<p><strong>9. MEDIDAS DE SEGURIDAD PARA LA PROTECCI\u00d3N DE LOS DATOS PERSONALES Y OTRA INFORMACI\u00d3N:<\/strong> Las medidas de seguridad con las que cuenta GRUPO NEYRON S.A.S Geus ISP buscan proteger los datos de los Titulares con el fin de impedir su p\u00e9rdida, adulteraci\u00f3n, usos y accesos no autorizados. Para ello, GRUPO NEYRON S.A.S Geus ISP de forma diligente implementa las medidas humanas, t\u00e9cnicas y administrativas que razonablemente est\u00e1n a su alcance; entre otras se puede mencionar la utilizaci\u00f3n de contrase\u00f1as, la distribuci\u00f3n adecuada de responsables, el mantenimiento de los equipos electr\u00f3nicos, la realizaci\u00f3n de backups. El Titular acepta expresamente esta forma de protecci\u00f3n y las dem\u00e1s que se puedan implementar. Adem\u00e1s, declara que la considera conveniente y suficiente para todos los prop\u00f3sitos.<\/p>\n\n\n\n<p><strong>10. DERECHOS DE LOS TITULARES:<\/strong> GRUPO NEYRON S.A.S Geus ISP informa a los Titulares que, conforme a la legislaci\u00f3n vigente, estos tienen el derecho de conocer, actualizar, rectificar su informaci\u00f3n, y\/o revocar la autorizaci\u00f3n para su tratamiento. En particular, son derechos de los titulares seg\u00fan se establece en el art\u00edculo 8 de la Ley 1581 de 2012:<\/p>\n\n\n\n<ul class=\"wp-block-list\" type=\"a\">\n<li>Conocer, actualizar y rectificar sus datos personales.<\/li>\n\n\n\n<li>Solicitar prueba de la autorizaci\u00f3n otorgada.<\/li>\n\n\n\n<li>Ser informado, previa solicitud, respecto del uso que les ha dado a sus datos personales.<\/li>\n\n\n\n<li>Presentar ante la Superintendencia de Industria y Comercio quejas por infracciones a lo dispuesto en la ley.<\/li>\n\n\n\n<li>Revocar la autorizaci\u00f3n y\/o solicitar la supresi\u00f3n del dato.<\/li>\n\n\n\n<li>Acceder en forma gratuita a sus datos personales que hayan sido objeto de Tratamiento.<\/li>\n<\/ul>\n\n\n\n<p><strong>11. PROCEDIMIENTO PARA CONSULTAS, ACTUALIZACIONES, PETICIONES O RECLAMOS EN RELACI\u00d3N CON DATOS PERSONALES:<\/strong><\/p>\n\n\n\n<ol class=\"wp-block-list\" type=\"a\">\n<li>\u00c1rea encargada de peticiones, consultas y reclamos. El \u00e1rea encargada de atender las peticiones, consultas y reclamos de los titulares para ejercer sus derechos a conocer, actualizar, rectificar y suprimir sus datos y revocar su autorizaci\u00f3n es el \u00e1rea administrativa de GRUPO NEYRON S.A.S<\/li>\n<\/ol>\n\n\n\n<ul class=\"wp-block-list\">\n<li>Procedimiento para ejercer sus derechos. En caso de que desee ejercer sus derechos, el Titular deber\u00e1 enviar un correo electr\u00f3nico a <a href=\"mailto:bienvenidos@gruponeyron.com\">bienvenidos@gruponeyron.com<\/a> o f\u00edsico a las direcciones de contacto establecidas en la presente Pol\u00edtica de Privacidad. El procedimiento que se seguir\u00e1 para dichas comunicaciones, ser\u00e1n los que se indican a continuaci\u00f3n: \n\n\n<ul class=\"wp-block-list\">\n<li>Peticiones y Consultas Sobre Datos Personales. Cuando el Titular de los datos o sus causahabientes deseen consultar la informaci\u00f3n que reposa en la base de datos, GRUPO NEYRON S.A.S Geus ISP responder\u00e1 la solicitud en plazo de m\u00e1ximo diez (10) d\u00edas h\u00e1biles. En cumplimiento a lo dispuesto en la Ley 1581 de 2012, cuando no fuere posible atender la consulta dentro de dicho t\u00e9rmino, se informar\u00e1 al Titular, se le expresar\u00e1 los motivos de la demora y se le se\u00f1alar\u00e1 la fecha en que se atender\u00e1 su consulta, la cual no podr\u00e1 superar los cinco (5) d\u00edas h\u00e1biles siguientes al vencimiento del primer t\u00e9rmino.         <br><\/li>\n<\/ul>\n\n\n\n<ul class=\"wp-block-list\">\n<li>Revocaci\u00f3n de autorizaci\u00f3n, retiro o supresi\u00f3n de la Base de Datos y reclamos Sobre Datos Personales. Cuando el Titular de los datos o sus causahabientes consideren que la informaci\u00f3n contenida en las bases de datos debe ser objeto de correcci\u00f3n, actualizaci\u00f3n o supresi\u00f3n, o cuando adviertan el presunto incumplimiento de cualquiera de los deberes contenidos en la Ley 1581 de 2012, podr\u00e1n presentar un reclamo ante GRUPO NEYRON S.A.S, el cual ser\u00e1 tramitado bajo las siguientes reglas: 1. El reclamo se formular\u00e1 mediante solicitud dirigida a GRUPO NEYRON S.A.S Geus ISP con la identificaci\u00f3n de los Titulares, la descripci\u00f3n de los hechos que dan lugar al reclamo, la direcci\u00f3n, y se anexar\u00e1n los documentos que se quieran hacer valer. Si el reclamo resulta incompleto, GRUPO NEYRON S.A.S Geus ISP podr\u00e1 requerir al interesado dentro de los cinco (5) d\u00edas siguientes a la recepci\u00f3n del reclamo para que subsane las fallas. Transcurridos dos (2) meses desde la fecha del requerimiento, sin que el solicitante presente la informaci\u00f3n requerida, se entender\u00e1 que ha desistido del reclamo. En caso de que GRUPO NEYRON S.A.S Geus ISP no sea competente para resolver el reclamo, dar\u00e1 traslado a quien corresponda en un t\u00e9rmino m\u00e1ximo de dos (2) d\u00edas h\u00e1biles e informar\u00e1 de la situaci\u00f3n al Titular, con lo cual quedar\u00e1 relevada de cualquier reclamaci\u00f3n o responsabilidad por el uso, rectificaci\u00f3n o supresi\u00f3n de los datos. 2. Una vez recibido el reclamo completo, cuando este no pueda ser resuelto de manera expedita y siempre y cuando sea t\u00e9cnicamente posible, se incluir\u00e1 en la base de datos una leyenda que diga \u201creclamo en tr\u00e1mite\u201d y el motivo del mismo, en un t\u00e9rmino no mayor a dos (2) d\u00edas h\u00e1biles. Dicha leyenda deber\u00e1 mantenerse hasta que el reclamo sea decidido. 3. El t\u00e9rmino m\u00e1ximo para atender el reclamo ser\u00e1 de quince (15) d\u00edas h\u00e1biles contados a partir del d\u00eda siguiente a la fecha de su recibo. Cuando no fuere posible atender el reclamo dentro de dicho t\u00e9rmino, se informar\u00e1 al Titular los motivos de la demora y la fecha en que se atender\u00e1 su reclamo, la cual en ning\u00fan caso podr\u00e1 superar los ocho (8) d\u00edas h\u00e1biles siguientes al vencimiento del primer t\u00e9rmino. El retiro o supresi\u00f3n no proceder\u00e1 cuando exista un deber contractual de permanecer en la base de datos de GRUPO NEYRON S.A.S Geus ISP.<\/li>\n<\/ul>\n<\/li>\n<\/ul>\n\n\n\n<p><strong>12. CONTACTO:<\/strong> Cualquier duda o informaci\u00f3n adicional ser\u00e1 recibida y tramitada mediante su env\u00edo a las direcciones de contacto establecidas en la presente Pol\u00edtica de Privacidad.<\/p>\n\n\n\n<p>Email de contacto: <a href=\"mailto:bienvenidos@gruponeyron.com\">bienvenidos@gruponeyron.com<\/a>.<\/p>\n\n\n\n<p><strong>13. PER\u00cdODO DE VIGENCIA DE LA BASE DE DATOS:<\/strong> Las Bases de Datos de GRUPO NEYRON S.A.S Geus ISP, as\u00ed como los datos personales incorporados en ellas, estar\u00e1n vigentes durante el plazo necesario para cumplir sus finalidades o seg\u00fan lo disponga la ley.<\/p>\n\n\n\n<p><strong>14. LEGISLACI\u00d3N VIGENTE:<\/strong> La legislaci\u00f3n nacional vigente en materia de protecci\u00f3n de datos personales est\u00e1 contenida en la Ley 1581 de 2012, el Decreto 1377 de 2013 y la Ley 1266 de 2008 y las normas que las modifiquen o complementen, como el Decreto 90 de 2018.<\/p>\n","protected":false},"excerpt":{"rendered":"<p>Grupo&nbsp;Neyron&nbsp;S.A.S \u2013 Geus ISP \u2013 Bogot\u00e1, Colombia&nbsp; La marca Geus ISP y todos sus distintivos, iconos e im\u00e1genes son propiedad de Grupo&nbsp;Neyron&nbsp;S.A.S&nbsp; POL\u00cdTICA DE PRIVACIDAD Y TRATAMIENTO DE DATOS PERSONALES GRUPO NEYRON S.A.S Entrada de vigencia: Enero 01 de 2018 GRUPO NEYRON S.A.S Geus ISP tienen la calidad de responsables de los datos personales e&hellip; <br \/> <a class=\"read-more\" href=\"https:\/\/geusisp.com\/?page_id=470\">Leer m\u00e1s<\/a><\/p>\n","protected":false},"author":3,"featured_media":0,"parent":0,"menu_order":0,"comment_status":"closed","ping_status":"closed","template":"","meta":{"footnotes":""},"class_list":["post-470","page","type-page","status-publish","hentry"],"_links":{"self":[{"href":"https:\/\/geusisp.com\/index.php?rest_route=\/wp\/v2\/pages\/470","targetHints":{"allow":["GET"]}}],"collection":[{"href":"https:\/\/geusisp.com\/index.php?rest_route=\/wp\/v2\/pages"}],"about":[{"href":"https:\/\/geusisp.com\/index.php?rest_route=\/wp\/v2\/types\/page"}],"author":[{"embeddable":true,"href":"https:\/\/geusisp.com\/index.php?rest_route=\/wp\/v2\/users\/3"}],"replies":[{"embeddable":true,"href":"https:\/\/geusisp.com\/index.php?rest_route=%2Fwp%2Fv2%2Fcomments&post=470"}],"version-history":[{"count":3,"href":"https:\/\/geusisp.com\/index.php?rest_route=\/wp\/v2\/pages\/470\/revisions"}],"predecessor-version":[{"id":485,"href":"https:\/\/geusisp.com\/index.php?rest_route=\/wp\/v2\/pages\/470\/revisions\/485"}],"wp:attachment":[{"href":"https:\/\/geusisp.com\/index.php?rest_route=%2Fwp%2Fv2%2Fmedia&parent=470"}],"curies":[{"name":"wp","href":"https:\/\/api.w.org\/{rel}","templated":true}]}}