{"id":7,"date":"2021-10-26T15:57:08","date_gmt":"2021-10-26T20:57:08","guid":{"rendered":"https:\/\/geusisp.com\/index.php\/mesmerize\/"},"modified":"2025-04-30T06:19:08","modified_gmt":"2025-04-30T11:19:08","slug":"mesmerize","status":"publish","type":"page","link":"https:\/\/geusisp.com\/","title":{"rendered":"Front Page1"},"content":{"rendered":"<div id=\"resumen\" class=\"features-ov-4-mc content-section content-section-spacing full-screen-section\" style=\"background-color: #ffffff; background-image: none;\" data-label=\"Resumen\" data-id=\"features-ov-4-mc\" data-export-id=\"features-ov-4-mc\" data-category=\"features\" data-bullets-visibility=\"true\">\n<div class=\"gridContainer\">\n<div class=\"row spaced-cols text-center\" data-type=\"row\">\n<div class=\"col-xs-12 col-sm-4 col-padding\"><i class=\"fa icon shadow-large-black aligncenter color1 fa-users bordered round large\"><\/i>\n<div class=\"\" data-type=\"column\">\n<h5 class=\"font-400\">Gesti\u00f3n de Usuarios ISP<\/h5>\n<p class=\"\">Desarrollamos la plataforma para <b>Gesti\u00f3n de Usuarios Geus ISP una soluci\u00f3n pr\u00e1ctica 100% Colombiana<\/b>, ideal para empresas Proveedores de Servicios de Internet ISP desde 1 a 300.000 usuarios. <b>Que necesitan una soluci\u00f3n econ\u00f3mica y pr\u00e1ctica.<\/b><\/p>\n<\/div>\n<\/div>\n<div class=\"col-xs-12 col-sm-4 col-padding\"><i class=\"fa icon shadow-large-black aligncenter color2 fa-fighter-jet bordered round large\"><\/i>\n<div class=\"\" data-type=\"column\">\n<h5 class=\"font-400\">Hasta el infinito y m\u00e1s all\u00e1<\/h5>\n<p class=\"\">En este siglo XXI tenemos el desaf\u00edo de estar en constante evoluci\u00f3n, cambio, aprendizaje y desarrollo. <b>La tecnolog\u00eda evoluciona r\u00e1pidamente y de forma constante.<\/b> Geus ISP es un proyecto que continuamente adaptamos a las nuevas tecnolog\u00edas, lenguajes de programaci\u00f3n, plataformas y dispositivos.<\/p>\n<\/div>\n<\/div>\n<div class=\"col-xs-12 col-sm-4 col-padding\"><i class=\"fa icon shadow-large-black aligncenter color4 fa-trophy bordered round large\"><\/i>\n<div class=\"\" data-type=\"column\">\n<h5 class=\"font-400\">Nuestro Cliente<\/h5>\n<p class=\"\">Los clientes que <b>forman parte de la comunidad Geus ISP, son exclusivamente ISP. <\/b>Empresas creadas por personas emprendedoras y perseverantes que han iniciado sus proyectos de cero con mucho esfuerzo y total dedicaci\u00f3n. Por tal raz\u00f3n los admiramos, respetamos y son nuestro motivo de inspiraci\u00f3n para desarrollar las mejores soluciones.<\/p>\n<\/div>\n<\/div>\n<\/div>\n<\/div>\n<\/div>\n<div id=\"resumen-1\" class=\"about-4 content-section content-section-spacing\" style=\"background-color: #ffffff;\" data-label=\"resumen\" data-id=\"about--2\" data-export-id=\"about-4\" data-category=\"about\">\n<div class=\"gridContainer\">\n<div class=\"row middle-sm text-center\">\n<div class=\"col-sm-5 space-bottom-xs\" data-type=\"column\">\n<h2 class=\"\">Las ISP mejoran la vida de las personas\u00a0<span style=\"font-family: Playfair Display,sans-serif; font-weight: bold; font-style: italic;\">Geus ISP Mejora las ISP<\/span>\u00a0<\/h2>\n<\/div>\n<div class=\"col-sm-7 flexbox center-xs middle-xs image-group-2-img\"><img decoding=\"async\" class=\"img-1 shadow-large\" title=\"cropped-DreamShaper_v5_ISP_cabling_in_the_matrix_2.jpg\" src=\"http:\/\/geusisp.com\/appweb\/wp-content\/uploads\/2023\/05\/cropped-DreamShaper_v5_ISP_cabling_in_the_matrix_2.jpg\" alt=\"\" data-size=\"250x200\" \/> <img decoding=\"async\" class=\"img-2 shadow-large\" title=\"cropped-Group-6.png\" src=\"http:\/\/geusisp.com\/appweb\/wp-content\/uploads\/2023\/10\/cropped-Group-6.png\" alt=\"\" data-size=\"220x170\" \/><\/div>\n<\/div>\n<\/div>\n<\/div>\n<div id=\"nuestros-productos-1\" class=\"content-7-mc content-section content-section-spacing\" style=\"background-color: #ffffff; background-image: none;\" data-label=\"Nuestros productos\" data-id=\"content-7-mc\" data-export-id=\"content-7-mc\" data-category=\"content\">\n<div class=\"gridContainer\">\n<div class=\"row middle-sm\">\n<div class=\"col-sm-6 space-bottom-xs\" data-type=\"column\">\n<h2 class=\"\">Automatizaci\u00f3n de pagos con Nequi<\/h2>\n<p class=\"\">Los usuarios pueden consultar sus facturas pendientes de pago, por medio de sus dipositivos m\u00f3viles y tambi\u00e9n de sus computadores.<\/p>\n<p class=\"\">A cada usuario se le puede enviar un SMS con el link de acceso a su estado de cuenta.<\/p>\n<p class=\"\">En la impresi\u00f3n de facturaci\u00f3n se puede imprimir un c\u00f3digo QR que le permite consultar el estado de cuenta digital a cada usuario.<\/p>\n<p class=\"\">Integramos el sistema Geus ISP con la plataforma de pagos Mi Recaudo \u2013 Combopay de IMS, para recibir pagos en l\u00ednea de forma autom\u00e1tica. PSE, Tarjetas de Cr\u00e9dito, Efecty, Baloto, etc,.<\/p>\n<p class=\"\">Los pagos en l\u00ednea son registrados de forma autom\u00e1tica en el sistema Geus ISP.<\/p>\n<\/div>\n<div class=\"col-sm-6\" data-type=\"column\"><a class=\"\" href=\"https:\/\/geusisp.com\/index.php\/mesmerize\/_wp_link_placeholder\" target=\"_self\" rel=\"noopener\"><img decoding=\"async\" class=\"shadow-large\" title=\"cropped-Geus_ISP_Screenshot_06.png\" src=\"http:\/\/geusisp.com\/appweb\/wp-content\/uploads\/2023\/10\/cropped-Group-4.png\" alt=\"\" \/><\/a><\/div>\n<\/div>\n<\/div>\n<\/div>\n<div id=\"app-movile\" class=\"content-8-mc content-section content-section-spacing\" style=\"background-color: #ffffff; background-image: none;\" data-label=\"App movile\" data-id=\"content--1\" data-export-id=\"content-8-mc\" data-category=\"content\">\n<div class=\"gridContainer\">\n<div class=\"row middle-sm\">\n<div class=\"col-sm-6 space-bottom-xs space-top-xs\" data-type=\"column\"><img decoding=\"async\" class=\"shadow-large\" title=\"cropped-interfaz-app-tecnicos.png\" src=\"http:\/\/geusisp.com\/appweb\/wp-content\/uploads\/2023\/10\/cropped-interfaz-app-tecnicos.png\" alt=\"\" \/><\/div>\n<div class=\"col-sm-6\" data-type=\"column\">\n<h2 class=\"\">App m\u00f3vil de t\u00e9cnicos<\/h2>\n<p class=\"\">Aplicaci\u00f3n que evita la impresi\u00f3n de ordenes de servicio para sus t\u00e9cnicos y ayuda a que sus t\u00e9cnicos trabajen de forma m\u00e1s eficiente.<br \/>Aplicaci\u00f3n que evita la impresi\u00f3n de ordenes de servicio para sus t\u00e9cnicos y ayuda a que sus t\u00e9cnicos trabajen de forma m\u00e1s eficiente.<\/p>\n<p class=\"\" style=\"margin-bottom: 16px; background-color: #ffffff;\">El t\u00e9cnico accede a la aplicaci\u00f3n desde su dispositivo m\u00f3vil y consulta la siguiente orden de servicio que debe realizar.<\/p>\n<p class=\"\" style=\"margin-bottom: 16px; background-color: #ffffff;\">En cuanto reporta que est\u00e1 en camino, se toma la hora exacta en que inicio el desplazamiento.<\/p>\n<p class=\"\" style=\"margin-bottom: 16px; background-color: #ffffff;\">Cuando finaliza la orden de servicio se toma el tiempo de finalizaci\u00f3n.<\/p>\n<p class=\"\" style=\"margin-bottom: 16px; background-color: #ffffff;\">Para finalizar la orden\u00a0 de servicio el usuario debe firmar la orden de servicio, esto lo hace por medio de la aplicaci\u00f3n.<\/p>\n<p class=\"\"><span style=\"background-color: #ffffff;\">Despu\u00e9s de finalizar la orden de servicio, el t\u00e9cnico puede ver la siguiente orden de servicio.<\/span><\/p>\n<\/div>\n<\/div>\n<\/div>\n<\/div>\n<div id=\"content-1\" class=\"content-3 content-section content-section-spacing\" style=\"background-color: #f5fafd;\" data-label=\"Content\" data-id=\"content--2\" data-export-id=\"content-3\" data-category=\"content\">\n<div>\n<div class=\"row middle-xs\">\n<div class=\"col-sm-7 full-col-left-padding full-col-right-padding\">\n<div class=\"row\">\n<div class=\"space-bottom-small content-title-col content-left-sm\" data-type=\"column\">\n<h2 class=\"\">App firma de documentos online<\/h2>\n<p class=\"\">\u00a1Ahorra tiempo y dinero! Nuestra innovadora soluci\u00f3n de firma de contratos online simplifica el proceso, eliminando la necesidad de impresiones, escaneos y reuniones presenciales. Firmar contratos nunca ha sido tan f\u00e1cil. Aprovecha la comodidad y la eficiencia de la firma digital hoy mismo.\u00a1Ahorra tiempo y dinero! Nuestra innovadora soluci\u00f3n de firma de contratos online simplifica el proceso, eliminando la necesidad de impresiones, escaneos y reuniones presenciales. Firmar contratos nunca ha sido tan f\u00e1cil. Aprovecha la comodidad y la eficiencia de la firma digital hoy mismo.<\/p>\n<\/div>\n<\/div>\n<div class=\"row spaced-cols start-sm content-left-sm\" data-type=\"row\">\n<div class=\"col-xs-6\" data-type=\"column\">\u00a0<\/div>\n<\/div>\n<\/div>\n<div class=\"col-sm-5 bg-image shadow-large-black revert-classes-holder\" style=\"background-image: url('http:\/\/geusisp.com\/appweb\/wp-content\/uploads\/2023\/10\/cropped-Group-5-1.png');\" data-bg=\"image\">\u00a0<\/div>\n<\/div>\n<\/div>\n<\/div>\n<div id=\"comunidad\" class=\"testimonials-5-mc content-section content-section-spacing\" style=\"background-color: #ffffff;\" data-label=\"Comunidad\" data-id=\"testimonials-5-mc\" data-export-id=\"testimonials-5-mc\" data-category=\"testimonials\">\n<div class=\"gridContainer\">\n<div class=\"row\">\n<div class=\"section-title-col\" data-type=\"column\">\n<h2 class=\"\">Quienes ya implementaron Geus ISP<\/h2>\n<p class=\"lead\">Si ve algun conocido, ll\u00e1melo y preg\u00fantele sobre el sistema Geus ISP, seguramente lo invitaran de forma especial a que forme parte de este gran proyecto Geus ISP.<\/p>\n<\/div>\n<\/div>\n<div class=\"row spaced-cols content-center-sm\" data-type=\"row\">\n<div class=\"col-sm-4\">\n<div class=\"card y-move bordered\" data-type=\"column\">\n<p>\u00a0<\/p>\n<p class=\"text-center\">El sistema es pr\u00e1ctico y justo lo necesario, genera reportes clave para tomar desiciones y es muy f\u00e1cil de trabajar. 4 A\u00f1os<\/p>\n<p class=\"\"><img decoding=\"async\" class=\"round icon\" title=\"cropped-logo_customer.jpg\" src=\"http:\/\/geusisp.com\/appweb\/wp-content\/uploads\/2021\/10\/cropped-logo_customer.jpg\" alt=\"\" \/><\/p>\n<h6 class=\"\">Luis \/ Mercedes<\/h6>\n<p class=\"small italic\">Cablesas TV<\/p>\n<\/div>\n<\/div>\n<div class=\"col-sm-4\">\n<div class=\"card y-move bordered\" data-type=\"column\"><i class=\"fa fa-quote-right icon color1 small quotation-icon\"><\/i>\n<p class=\"text-center\">El sistema se adapta a nuestra necesidades, y tambi\u00e9n hemos trabajado desarrollos a medida con el equipo de profesional de Geus ISP, lo que ha permitido crear herramientas innovadoras que no existen en otras ISP. 5 A\u00f1os<\/p>\n<p class=\"\"><img decoding=\"async\" class=\"round icon\" title=\"logo_customer\" src=\"http:\/\/geusisp.com\/appweb\/wp-content\/uploads\/2021\/10\/logo_customer-1.jpg\" alt=\"\" \/><\/p>\n<h6 class=\"\">Cesar Agusto P.<\/h6>\n<p class=\"small italic\">Colombia Teleconet S.A.S<\/p>\n<\/div>\n<\/div>\n<div class=\"col-sm-4\">\n<div class=\"card y-move bordered\" data-type=\"column\"><i class=\"fa fa-quote-right icon color1 small quotation-icon\"><\/i>\n<p class=\"text-center\">El sistema es clave en toda nuestra gesti\u00f3n, y cada vez que vemos que algo puede mejorar trabajamos en equipo con Geus ISP para que la plataforma sea mucho mejor. 2 A\u00f1os<\/p>\n<p class=\"\"><img decoding=\"async\" class=\"round icon\" title=\"logo_customer_\" src=\"http:\/\/geusisp.com\/appweb\/wp-content\/uploads\/2021\/10\/logo_customer_.jpg\" alt=\"\" \/><\/p>\n<h6 class=\"\">Wilson B.<\/h6>\n<p class=\"small italic\">Nubenet S.A.S<\/p>\n<\/div>\n<\/div>\n<div class=\"col-sm-4\">\n<div class=\"card y-move bordered\" data-type=\"column\"><i class=\"fa fa-quote-right icon color1 small quotation-icon\"><\/i>\n<p class=\"text-center\">Justo lo que necesitabamos tanto en precio como en funciones. Agradecemos mucho el acompa\u00f1amiento y soporte de Geus ISP. 1 A\u00f1o<\/p>\n<p class=\"\"><img decoding=\"async\" class=\"round icon\" title=\"logo-customer_cablesas\" src=\"http:\/\/geusisp.com\/appweb\/wp-content\/uploads\/2021\/10\/logo-customer_cablesas.jpg\" alt=\"\" \/><\/p>\n<h6 class=\"\">Edgar S.<\/h6>\n<p class=\"small italic\">Cablefuturo TV<\/p>\n<\/div>\n<\/div>\n<div class=\"col-sm-4\">\n<div class=\"card y-move bordered\" data-type=\"column\"><i class=\"fa fa-quote-right icon color1 small quotation-icon\"><\/i>\n<p class=\"text-center\">Geus ISP se adapt\u00f3 a todas nuestras necesidades, siempre que necesitamos apoyo o soporte estan muy atentos a brindar soluci\u00f3n. 1 A\u00f1o<\/p>\n<h6 class=\"\">Maria Elena<\/h6>\n<p class=\"small italic\">TVLABOYANA<\/p>\n<\/div>\n<\/div>\n<div class=\"col-sm-4\">\n<div class=\"card y-move bordered\" data-type=\"column\"><i class=\"fa fa-quote-right icon color1 small quotation-icon\"><\/i>\n<p class=\"text-center\">Decidimos implementar Geus ISP y formar parte de este proyecto, porque nos dieron buenas referencias y efectivamente es un sistema muy f\u00e1cil de trabajar, con lo necesario para nuestra ISP.\u00a06 Meses<\/p>\n<h6 class=\"\">Felipe<\/h6>\n<p class=\"small italic\">AFCV<\/p>\n<\/div>\n<\/div>\n<\/div>\n<\/div>\n<\/div>\n<div id=\"tutoriales\" class=\"about-1 content-section\" style=\"background-color: #f5fafd;\" data-label=\"Tutoriales\" data-id=\"about--1\" data-export-id=\"about-1\" data-category=\"about\">\n<div class=\"gridContainer\">\n<div class=\"row text-center\">\n<div class=\"section-title-col\" data-type=\"column\">\n<h2 class=\"\">Tutoriales<\/h2>\n<p class=\"lead\">Domina cada uno de nuestros productos con facilidad. En nuestra secci\u00f3n de tutoriales,Domina cada uno de nuestros productos con facilidad. En nuestra secci\u00f3n de tutoriales, totalmente gratis.<\/p>\n<\/div>\n<\/div>\n<div class=\"row\">\n<div class=\"button-holder space-bottom space-bottom-small\" data-type=\"column\"><a class=\"button color1\" href=\"\/\/www.youtube.com\/@geusisp\" target=\"_blank\" rel=\"noopener\" data-cp-link=\"1\">Click para ver tutoriales<\/a><\/div>\n<div class=\"col-xs bottom-xs flexbox image-group-bottom-3-img space-bottom-xs center-xs\"><img decoding=\"async\" class=\"left-img shadow-large-black\" title=\"cropped-tutorial1.png\" src=\"http:\/\/geusisp.com\/appweb\/wp-content\/uploads\/2023\/10\/cropped-tutorial1.png\" alt=\"\" data-size=\"500x300\" \/> <img decoding=\"async\" class=\"center-img shadow-large-black\" title=\"cropped-tutorial2.png\" src=\"http:\/\/geusisp.com\/appweb\/wp-content\/uploads\/2023\/10\/cropped-tutorial2.png\" alt=\"\" data-size=\"500x300\" \/> <img decoding=\"async\" class=\"right-img shadow-large-black\" title=\"cropped-tutorial3.png\" src=\"http:\/\/geusisp.com\/appweb\/wp-content\/uploads\/2023\/10\/cropped-tutorial3.png\" alt=\"\" data-size=\"500x300\" \/><\/div>\n<\/div>\n<\/div>\n<\/div>\n<div id=\"contactanos\" class=\"clients-1 content-section content-section-spacing\" style=\"background-color: #ffffff;\" data-label=\"contactanos\" data-id=\"clients--1\" data-export-id=\"clients-1\" data-category=\"clients\">\n<div class=\"gridContainer\">\n<div class=\"row middle-sm\">\n<div class=\"col-sm-6 space-bottom-xs\" data-type=\"column\">\n<h2 class=\"font-700\">Contactanos<\/h2>\n<p class=\"lead\">Comunicate con el mejor proveedor de software para ISPs<\/p>\n<\/div>\n<div class=\"col-sm-6\">\n<div class=\"row spaced-cols center-xs padding-lr\" data-type=\"row\">\n<div class=\"col-xs-3\"><a class=\"link\" href=\"https:\/\/www.facebook.com\/geusisp\" target=\"_blank\" rel=\"noopener\" data-cp-link=\"1\">Facebook<\/a><\/div>\n<div class=\"col-xs-3\"><a class=\"link\" href=\"https:\/\/api.whatsapp.com\/send?phone=573502596108&amp;text=Envianos%20un%20mensaje!\" target=\"_blank\" rel=\"noopener\" data-cp-link=\"1\" data-wplink-edit=\"true\">WhatsApp<\/a><\/div>\n<\/div>\n<\/div>\n<\/div>\n<\/div>\n<\/div>\n<pre class=\"wp-block-code\"><code>\u00a0<\/code><\/pre>\n\n\n<p><\/p>\n","protected":false},"excerpt":{"rendered":"<p>Gesti\u00f3n de Usuarios ISP Desarrollamos la plataforma para Gesti\u00f3n de Usuarios Geus ISP una soluci\u00f3n pr\u00e1ctica 100% Colombiana, ideal para empresas Proveedores de Servicios de Internet ISP desde 1 a 300.000 usuarios. Que necesitan una soluci\u00f3n econ\u00f3mica y pr\u00e1ctica. Hasta el infinito y m\u00e1s all\u00e1 En este siglo XXI tenemos el desaf\u00edo de estar en&hellip; <br \/> <a class=\"read-more\" href=\"https:\/\/geusisp.com\/\">Leer m\u00e1s<\/a><\/p>\n","protected":false},"author":1,"featured_media":0,"parent":0,"menu_order":0,"comment_status":"closed","ping_status":"closed","template":"page-templates\/homepage.php","meta":{"footnotes":""},"class_list":["post-7","page","type-page","status-publish","hentry"],"_links":{"self":[{"href":"https:\/\/geusisp.com\/index.php?rest_route=\/wp\/v2\/pages\/7","targetHints":{"allow":["GET"]}}],"collection":[{"href":"https:\/\/geusisp.com\/index.php?rest_route=\/wp\/v2\/pages"}],"about":[{"href":"https:\/\/geusisp.com\/index.php?rest_route=\/wp\/v2\/types\/page"}],"author":[{"embeddable":true,"href":"https:\/\/geusisp.com\/index.php?rest_route=\/wp\/v2\/users\/1"}],"replies":[{"embeddable":true,"href":"https:\/\/geusisp.com\/index.php?rest_route=%2Fwp%2Fv2%2Fcomments&post=7"}],"version-history":[{"count":42,"href":"https:\/\/geusisp.com\/index.php?rest_route=\/wp\/v2\/pages\/7\/revisions"}],"predecessor-version":[{"id":520,"href":"https:\/\/geusisp.com\/index.php?rest_route=\/wp\/v2\/pages\/7\/revisions\/520"}],"wp:attachment":[{"href":"https:\/\/geusisp.com\/index.php?rest_route=%2Fwp%2Fv2%2Fmedia&parent=7"}],"curies":[{"name":"wp","href":"https:\/\/api.w.org\/{rel}","templated":true}]}}